{"id":1049,"date":"2018-10-02T19:01:52","date_gmt":"2018-10-02T19:01:52","guid":{"rendered":"https:\/\/corretje.com\/web\/?page_id=1049"},"modified":"2018-10-02T19:01:52","modified_gmt":"2018-10-02T19:01:52","slug":"condiciones-de-uso","status":"publish","type":"page","link":"https:\/\/corretje.com\/web\/condiciones-de-uso\/","title":{"rendered":"Condiciones de Uso"},"content":{"rendered":"<p>1.    DATOS DE NOMBRE y APELLIDOS<br \/>\nEl sitio web www.corretje.com (en adelante, el \u201cSitio web\u201d) es titularidad de la persona ERIC CORRETJE ZAMORA con  domicilio en Calle Atlantida 6 2\u00ba, titular del NIF n\u00famero 47647104m<\/p>\n<p>2.    OBJETO Y \u00c1MBITO DE APLICACI\u00d3N DE LAS CONDICIONES DE USO<br \/>\nLas presentes condiciones de uso constituyen junto con la Pol\u00edtica de Privacidad y la Pol\u00edtica de Cookies el marco jur\u00eddico que regula el uso del sitio web www.NOMBREWEB.com. Las presentes condiciones de uso estar\u00e1n a tu disposici\u00f3n en el sitio web en espa\u00f1ol para que puedas consultarlas, archivarlas o imprimirlas en cualquier momento y siempre que quieras.<br \/>\nPara conocer cualquier cuesti\u00f3n relativa al tratamiento que realiza ERIC CORRETJE ZAMORA de tus datos de car\u00e1cter personal, por favor visita nuestra Pol\u00edtica de Privacidad y nuestra Pol\u00edtica de Cookies. Ambas pol\u00edticas estar\u00e1n igualmente a tu disposici\u00f3n en espa\u00f1ol para que puedas consultarlas, archivarlas o imprimirlas en cualquier momento.<br \/>\nERIC CORRETJE ZAMORA emplea cookies de terceros en el Sitio web. Para saber m\u00e1s del tipo de cookies empleadas en la web www.corretje.com, de su finalidad y de c\u00f3mo configurar tu navegador en caso de que no desees que empleemos dichas cookies, por favor visita nuestra Pol\u00edtica de Cookies.<br \/>\nTanto las presentes condiciones de uso, como la Pol\u00edtica de Privacidad y la Pol\u00edtica de Cookies han sido elaboradas de conformidad con lo dispuesto en la normativa aplicable vigente, entre otras, la Ley 34\/2002, de Servicios de la Sociedad de la Informaci\u00f3n y de Comercio Electr\u00f3nico y la Ley Org\u00e1nica 15\/1999, de 13 de diciembre, de Protecci\u00f3n de Datos de Car\u00e1cter Personal.<\/p>\n<p>3.    ACCESO AL SITIO WEB<br \/>\nEl acceso al Sitio web es gratuito salvo en la parte relativa al coste de la conexi\u00f3n a trav\u00e9s de la red de telecomunicaciones suministrada por el proveedor de acceso a Internet que hayas contratado. Puedes navegar libremente por el Sitio web y acceder al mismo tantas veces como quieras. Para acceder y navegar por el Sitio web no es necesario que te registres.<br \/>\nEl uso del sitio web te atribuye la condici\u00f3n de usuario del sitio web (en adelante, el \u201cUsuario\u201d) e implica tu aceptaci\u00f3n plena y sin reservas de las presentes condiciones de uso, as\u00ed como de la Pol\u00edtica de Privacidad y la Pol\u00edtica de Cookies del Sitio web.<br \/>\nAl acceder al Sitio web y navegar por \u00e9l, declaras bajo tu responsabilidad que eres mayor de edad y que dispones de la capacidad legal necesaria para acceder al Sitio Web y usarlo, declarando igualmente que comprendes y aceptas \u00edntegramente y sin reservas las presentes condiciones de uso.<\/p>\n<p>4.    CONDICIONES DE USO DEL SITIO WEB<br \/>\nEl Usuario se compromete a usar el Sitio web conforme a las presentes condiciones de uso, la legislaci\u00f3n vigente y la buena fe. As\u00ed, el Usuario responder\u00e1 ante ERIC CORRETJE ZAMORA y ante cualquier tercero por los da\u00f1os y perjuicios derivados del uso contrario a las presentes condiciones, a la legislaci\u00f3n y a la buena fe que haga el Usuario del Sitio web.<br \/>\nEl Usuario deber\u00e1 abstenerse en todo caso de:<br \/>\nReproducir, distribuir, comunicar p\u00fablicamente, transformar o modificar el Sitio web o cualquiera de sus contenidos, incluidas las presentes condiciones de uso, independientemente del fin con que dicho uso se realice, sin autorizaci\u00f3n previa y por escrito de ERIC CORRETJE ZAMORA.<br \/>\nIntroducir en el Sitio web o su red programas de datos susceptibles de provocar da\u00f1os en los sistemas inform\u00e1ticos de ERIC CORRETJE ZAMORA, sus proveedores, otros usuarios o terceros.<\/p>\n<p>Realizar cualquier tipo de actividad il\u00edcita, fraudulenta, contraria a las presentes condiciones de uso, la legislaci\u00f3n vigente o la buena fe o que impida y\/o dificulte la correcta utilizaci\u00f3n del Sitio web o sus contenidos.<br \/>\nInsertar en p\u00e1ginas webs, plataformas, foros, chats, blogs o redes sociales ajenas cualquier tipo de enlace o v\u00ednculo que permita vincular o reproducir el Sitio web o los contenidos del mismo con dichas webs, plataformas, foros, chats, blogs o redes sociales ajenas salvo si el enlace \u00fanicamente vincula directamente a la p\u00e1gina principal del Sitio web sin que pueda reproducirlo de ninguna forma.<\/p>\n<p>Vincular o reproducir el Sitio Web o sus contenidos desde webs, plataformas, foros, chats, blogs o redes sociales ajenas que sean contrarias a la ley, ofensivas o atentatorias contra la dignidad humana, los derechos fundamentales y\/o sean susceptibles de ser consideradas como delictivas.<br \/>\nIntroducir y\/o difundir en el Sitio web contenidos il\u00edcitos o que atenten contra los derechos humanos y la dignidad de las personas como por ejemplo contenido racista, xen\u00f3fobo, pornogr\u00e1fico o que supongan apolog\u00eda del terrorismo.<\/p>\n<p>5.    DERECHOS DE PROPIEDAD INTELECTUAL E INDUSTRIAL<br \/>\nEl Sitio web y sus contenidos son objeto de protecci\u00f3n en aplicaci\u00f3n de la normativa vigente nacional en materia de Propiedad Intelectual y\/o Industrial, as\u00ed como en aplicaci\u00f3n de los convenios internacionales aplicables en dichas materias. ERIC CORRETJE ZAMORA es la titular o tiene debidamente licenciados todos los derechos de Propiedad Intelectual e Industrial sobre el Sitio web y sus contenidos.<\/p>\n<p>Queda prohibida cualquier forma de reproducci\u00f3n, distribuci\u00f3n, comunicaci\u00f3n p\u00fablica, transformaci\u00f3n, puesta a disposici\u00f3n y, en general, cualquier otro acto de explotaci\u00f3n tenga o no fines comerciales del Sitio web o de sus contenidos, sin el previo consentimiento previo y expreso de ERIC CORRETJE ZAMORA. Queda expresamente prohibido borrar los datos identificativos de ERIC CORRETJE ZAMORA como titular de los derechos de Propiedad Intelectual e Industrial del Sitio web o sus contenidos.<br \/>\nERIC CORRETJE ZAMORA se reserva todos los derechos de Propiedad Intelectual e Industrial sobre el Sitio web y sus contenidos, reserv\u00e1ndose asimismo el ejercicio de cuantas acciones legales le correspondan con el fin de cesar, impedir o perseguir cualquier uso il\u00edcito del Sitio Web o de sus contenidos. En ning\u00fan caso y bajo ning\u00fan concepto el acceso al Sitio web o su uso por el Usuario o terceros constituyen o suponen una cesi\u00f3n de ning\u00fan tipo por parte de ERIC CORRETJE ZAMORA de los derechos de Propiedad Intelectual o Industrial del Sitio web o sus contenidos. En ning\u00fan caso la falta de requerimiento por parte de ERIC CORRETJE ZAMORA al cese de uso del Sitio web o de sus contenidos il\u00edcitos o contrarios a las presentes condiciones podr\u00e1 entenderse como consentimiento t\u00e1cito por parte de ERIC CORRETJE ZAMORA a dichos usos o como una renuncia al ejercicio de cualquier acci\u00f3n legal que pudiera corresponderle.<\/p>\n<p>6.    PROTECCI\u00d3N DE DATOS<br \/>\nTal y como se establece en su Pol\u00edtica de Privacidad, ERIC CORRETJE ZAMORA se compromete en la utilizaci\u00f3n de los datos de los Usuarios, a respetar su confidencialidad y a utilizarlos de acuerdo con las finalidades descritas en la Pol\u00edtica de Privacidad, as\u00ed como a dar cumplimiento a su obligaci\u00f3n de guardarlos y adaptar todas las medidas para evitar la alteraci\u00f3n, p\u00e9rdida, tratamiento o acceso no autorizado de acuerdo con lo establecido en la legislaci\u00f3n vigente referente a la protecci\u00f3n de datos de car\u00e1cter personal.<br \/>\nEl Sitio web incorpora las salvaguardas adecuadas y utiliza la tecnolog\u00eda est\u00e1ndar del sector para mejorar la seguridad, integridad, exhaustividad, exactitud y protecci\u00f3n de los datos personales que tiene recopilados, y ha establecido las precauciones razonables para proteger esa informaci\u00f3n de posibles p\u00e9rdidas o malos usos. Sus normas sobre protecci\u00f3n de datos y seguridad se revisan peri\u00f3dicamente y se mejoran cuando es necesario, y se esfuerza para asegurar que s\u00f3lo las personas autorizadas puedan acceder a la informaci\u00f3n que proporciona el Usuario.<\/p>\n<p>7.    DURACI\u00d3N Y MODIFICACI\u00d3N<br \/>\nLas presentes condiciones de uso estar\u00e1n vigentes durante el tiempo que est\u00e9n expuestas a los usuarios, de manera que en cuanto sean modificadas o actualizadas total o parcialmente, las presentes condiciones dejar\u00e1n de estar vigentes, siendo las nuevas condiciones de uso las que pasen a regular el uso del Sitio web.<br \/>\nERIC CORRETJE ZAMORA se reserva la facultad de revisar, modificar o actualizar en cualquier momento las presentes condiciones de uso. Ante cualquier cambio en las presentes condiciones de uso por cualquier causa, ERIC CORRETJE ZAMORA, avisar\u00e1 a los usuarios en el home page de la web sobre dicha circunstancia con el fin de que estos est\u00e9n debidamente informados y puedan consultar las revisiones, modificaciones o actualizaciones de las presentes condiciones de uso a su entera satisfacci\u00f3n.<\/p>\n<p>10.    GENERALIDADES<br \/>\nEn ning\u00fan caso y bajo ning\u00fan concepto la falta de ejercicio de sus derechos por parte de ERIC CORRETJE ZAMORA podr\u00e1 entenderse como una renuncia a los mismos.<br \/>\nLos encabezamientos contenidos en las presentes condiciones son meramente orientativas o informativas, de manera que no afectan, califican o ampl\u00edan la interpretaci\u00f3n de las mismas.<br \/>\nEn el caso de que cualquiera de las cl\u00e1usulas contenidas en las presentes condiciones fuera declarada nula, abusiva o inaplicable, total o parcialmente, por un \u00f3rgano judicial o administrativo, dicha declaraci\u00f3n afectar\u00e1 de manera individual a la cl\u00e1usula en cuesti\u00f3n, teni\u00e9ndose la misma por no puesta y sin que la declaraci\u00f3n de nulidad, abuso o inaplicabilidad pueda extenderse bajo ning\u00fan concepto al resto de condiciones, que subsistir\u00e1n.<\/p>\n<p>Las presentes condiciones de uso, as\u00ed como la Pol\u00edtica de Privacidad y la Pol\u00edtica de Cookies se rigen por la normativa espa\u00f1ola vigente en cada momento.<\/p>\n","protected":false},"excerpt":{"rendered":"<p>1. DATOS DE NOMBRE y APELLIDOS El sitio web www.corretje.com (en adelante, el \u201cSitio web\u201d) es titularidad de la persona ERIC CORRETJE ZAMORA con domicilio en Calle Atlantida 6 2\u00ba, titular del NIF n\u00famero 47647104m 2. OBJETO Y \u00c1MBITO DE APLICACI\u00d3N DE LAS CONDICIONES DE USO Las presentes condiciones de uso constituyen junto con la Pol\u00edtica de Privacidad y la Pol\u00edtica de Cookies el marco jur\u00eddico que regula el uso del sitio web www.NOMBREWEB.com. Las presentes condiciones de uso estar\u00e1n a tu disposici\u00f3n en el sitio web en espa\u00f1ol para que puedas consultarlas, archivarlas o imprimirlas en cualquier momento y siempre que quieras. Para conocer cualquier cuesti\u00f3n relativa al tratamiento que realiza ERIC CORRETJE ZAMORA de tus datos de car\u00e1cter personal, por favor visita nuestra Pol\u00edtica de Privacidad y nuestra Pol\u00edtica de Cookies. Ambas pol\u00edticas estar\u00e1n igualmente a tu disposici\u00f3n en espa\u00f1ol para que puedas consultarlas, archivarlas o imprimirlas en cualquier momento. ERIC CORRETJE ZAMORA emplea cookies de terceros en el Sitio web. Para saber m\u00e1s del tipo de cookies empleadas en la web www.corretje.com, de su finalidad y de c\u00f3mo configurar tu navegador en caso de que no desees que empleemos dichas cookies, por favor visita nuestra Pol\u00edtica de [&hellip;]<\/p>\n","protected":false},"author":3,"featured_media":0,"parent":0,"menu_order":0,"comment_status":"closed","ping_status":"closed","template":"","meta":{"footnotes":""},"class_list":["post-1049","page","type-page","status-publish","hentry"],"_links":{"self":[{"href":"https:\/\/corretje.com\/web\/wp-json\/wp\/v2\/pages\/1049","targetHints":{"allow":["GET"]}}],"collection":[{"href":"https:\/\/corretje.com\/web\/wp-json\/wp\/v2\/pages"}],"about":[{"href":"https:\/\/corretje.com\/web\/wp-json\/wp\/v2\/types\/page"}],"author":[{"embeddable":true,"href":"https:\/\/corretje.com\/web\/wp-json\/wp\/v2\/users\/3"}],"replies":[{"embeddable":true,"href":"https:\/\/corretje.com\/web\/wp-json\/wp\/v2\/comments?post=1049"}],"version-history":[{"count":1,"href":"https:\/\/corretje.com\/web\/wp-json\/wp\/v2\/pages\/1049\/revisions"}],"predecessor-version":[{"id":1050,"href":"https:\/\/corretje.com\/web\/wp-json\/wp\/v2\/pages\/1049\/revisions\/1050"}],"wp:attachment":[{"href":"https:\/\/corretje.com\/web\/wp-json\/wp\/v2\/media?parent=1049"}],"curies":[{"name":"wp","href":"https:\/\/api.w.org\/{rel}","templated":true}]}}