{"id":247,"date":"2014-08-18T14:08:06","date_gmt":"2014-08-18T14:08:06","guid":{"rendered":"http:\/\/www.gt3themes.com\/wordpress-themes\/pure\/?page_id=247"},"modified":"2016-05-05T08:32:47","modified_gmt":"2016-05-05T08:32:47","slug":"quienes-somos","status":"publish","type":"page","link":"https:\/\/corretje.com\/web\/quienes-somos\/","title":{"rendered":"Qui\u00e9nes somos"},"content":{"rendered":"<h3><img decoding=\"async\" class=\"alignleft wp-image-1025 size-full\" src=\"http:\/\/corretje.com\/web\/wp-content\/uploads\/2014\/08\/PAREJA.jpg\" alt=\"PAREJA\" width=\"350px\" height=\"auto\" srcset=\"https:\/\/corretje.com\/web\/wp-content\/uploads\/2014\/08\/PAREJA.jpg 900w, https:\/\/corretje.com\/web\/wp-content\/uploads\/2014\/08\/PAREJA-300x225.jpg 300w, https:\/\/corretje.com\/web\/wp-content\/uploads\/2014\/08\/PAREJA-768x576.jpg 768w\" sizes=\"(max-width: 900px) 100vw, 900px\" \/>QUIENES SOMOS<\/h3>\n<p>CORRETJ\u00c9 CREATIVE CONSULTING. Con 45 a\u00f1os de experiencia en Barcelona, durante los que ha trabajado con \u00e9xito para mejorar el prestigio y el reconocimiento de decenas de marcas de alimentaci\u00f3n y gastronom\u00eda, peque\u00f1as y grandes, locales, nacionales e internacionales.<\/p>\n<p>Hoy, ponemos a tu servicio un equipo profesional, consolidado y adaptado al entorno tecnol\u00f3gico para transmitir en todos los soportes el valor a\u00f1adido de<br \/>\ntu producto o servicio, mediante acciones de comunicaci\u00f3n concretas, viables y efectivas.<\/p>\n<p>Por eso, trabajamos directamente contigo, para que tu marca avance sin perder de vista los or\u00edgenes.<\/p>\n<p>&nbsp;<\/p>\n<h3>SERVICIOS<\/h3>\n<p>DISE\u00d1O:\u00a0 Branding\u00a0 |\u00a0 Packaging\u00a0 |\u00a0 Papeler\u00eda\u00a0 |\u00a0 Editorial\u00a0 |\u00a0 Equipamiento\u00a0 |\u00a0 Comunicaci\u00f3n publicitaria\u00a0 |\u00a0 Puntos de venta y restauraci\u00f3n<\/p>\n<p>DIGITAL:\u00a0 Dise\u00f1o web\u00a0 |\u00a0 Redes sociales\u00a0 |\u00a0 SEO\u00a0 |\u00a0 Newsletter<\/p>\n<p>CONTENIDOS:<strong>\u00a0 <\/strong>Contenidos al d\u00eda para redes sociales\u00a0 |\u00a0 Online\u00a0\u00a0 |\u00a0 Papeler\u00eda\u00a0 |\u00a0 Multimedia<\/p>\n<p>EVENTOS:\u00a0 Medios de comunicaci\u00f3n\u00a0 |\u00a0 Consultor\u00eda estrat\u00e9gica<\/p>\n<p>&nbsp;<\/p>\n","protected":false},"excerpt":{"rendered":"<p>QUIENES SOMOS CORRETJ\u00c9 CREATIVE CONSULTING. Con 45 a\u00f1os de experiencia en Barcelona, durante los que ha trabajado con \u00e9xito para mejorar el prestigio y el reconocimiento de decenas de marcas de alimentaci\u00f3n y gastronom\u00eda, peque\u00f1as y grandes, locales, nacionales e internacionales. Hoy, ponemos a tu servicio un equipo profesional, consolidado y adaptado al entorno tecnol\u00f3gico para transmitir en todos los soportes el valor a\u00f1adido de tu producto o servicio, mediante acciones de comunicaci\u00f3n concretas, viables y efectivas. Por eso, trabajamos directamente contigo, para que tu marca avance sin perder de vista los or\u00edgenes. &nbsp; SERVICIOS DISE\u00d1O:\u00a0 Branding\u00a0 |\u00a0 Packaging\u00a0 |\u00a0 Papeler\u00eda\u00a0 |\u00a0 Editorial\u00a0 |\u00a0 Equipamiento\u00a0 |\u00a0 Comunicaci\u00f3n publicitaria\u00a0 |\u00a0 Puntos de venta y restauraci\u00f3n DIGITAL:\u00a0 Dise\u00f1o web\u00a0 |\u00a0 Redes sociales\u00a0 |\u00a0 SEO\u00a0 |\u00a0 Newsletter CONTENIDOS:\u00a0 Contenidos al d\u00eda para redes sociales\u00a0 |\u00a0 Online\u00a0\u00a0 |\u00a0 Papeler\u00eda\u00a0 |\u00a0 Multimedia EVENTOS:\u00a0 Medios de comunicaci\u00f3n\u00a0 |\u00a0 Consultor\u00eda estrat\u00e9gica &nbsp;<\/p>\n","protected":false},"author":3,"featured_media":0,"parent":0,"menu_order":0,"comment_status":"open","ping_status":"open","template":"","meta":{"footnotes":""},"class_list":["post-247","page","type-page","status-publish","hentry"],"_links":{"self":[{"href":"https:\/\/corretje.com\/web\/wp-json\/wp\/v2\/pages\/247","targetHints":{"allow":["GET"]}}],"collection":[{"href":"https:\/\/corretje.com\/web\/wp-json\/wp\/v2\/pages"}],"about":[{"href":"https:\/\/corretje.com\/web\/wp-json\/wp\/v2\/types\/page"}],"author":[{"embeddable":true,"href":"https:\/\/corretje.com\/web\/wp-json\/wp\/v2\/users\/3"}],"replies":[{"embeddable":true,"href":"https:\/\/corretje.com\/web\/wp-json\/wp\/v2\/comments?post=247"}],"version-history":[{"count":12,"href":"https:\/\/corretje.com\/web\/wp-json\/wp\/v2\/pages\/247\/revisions"}],"predecessor-version":[{"id":1047,"href":"https:\/\/corretje.com\/web\/wp-json\/wp\/v2\/pages\/247\/revisions\/1047"}],"wp:attachment":[{"href":"https:\/\/corretje.com\/web\/wp-json\/wp\/v2\/media?parent=247"}],"curies":[{"name":"wp","href":"https:\/\/api.w.org\/{rel}","templated":true}]}}