{"id":549,"date":"2014-08-18T14:08:06","date_gmt":"2014-08-18T14:08:06","guid":{"rendered":"http:\/\/corretje.com\/web\/quienes-somos\/?lang=ca"},"modified":"2016-04-28T18:08:21","modified_gmt":"2016-04-28T18:08:21","slug":"quienes-somos","status":"publish","type":"page","link":"https:\/\/corretje.com\/web\/quienes-somos\/?lang=ca","title":{"rendered":"Qui som"},"content":{"rendered":"<h3>QUI SOM<\/h3>\n<p>Corretj\u00e9 CREATIVE CONSULTING. Amb 45 anys d&#8217;experi\u00e8ncia a Barcelona, durant els quals ha treballat amb \u00e8xit per millorar el prestigi i el reconeixement de desenes de marques d&#8217;alimentaci\u00f3 i gastronomia, petites i grans, locals, nacionals i internacionals.<\/p>\n<p>Avui, posem al teu servei un equip professional, consolidat i adaptat a l&#8217;entorn tecnol\u00f2gic per transmetre en tots els suports el valor afegit de<br \/>\nel teu producte o servei, mitjan\u00e7ant accions de comunicaci\u00f3 concretes, viables i efectives.<\/p>\n<p>Per aix\u00f2, treballem directament amb tu, perqu\u00e8 la teva marca avan\u00e7 sense perdre de vista els or\u00edgens.<\/p>\n<p>&nbsp;<\/p>\n<h3>SERVEIS<\/h3>\n<p>DISSENY: Branding | packaging | papereria | editorial | equipament | Comunicaci\u00f3 publicit\u00e0ria | Punts de venda i restauraci\u00f3<\/p>\n<p>DIGITAL: Disseny web | Xarxes socials | SEO | Butllet\u00ed<\/p>\n<p>CONTINGUTS: Continguts al dia per a xarxes socials | online | papereria | multim\u00e8dia<\/p>\n<p>ESDEVENIMENTS: Mitjans de comunicaci\u00f3 | consultoria estrat\u00e8gica<\/p>\n<p>&nbsp;<\/p>\n","protected":false},"excerpt":{"rendered":"<p>QUI SOM Corretj\u00e9 CREATIVE CONSULTING. Amb 45 anys d&#8217;experi\u00e8ncia a Barcelona, durant els quals ha treballat amb \u00e8xit per millorar el prestigi i el reconeixement de desenes de marques d&#8217;alimentaci\u00f3 i gastronomia, petites i grans, locals, nacionals i internacionals. Avui, posem al teu servei un equip professional, consolidat i adaptat a l&#8217;entorn tecnol\u00f2gic per transmetre en tots els suports el valor afegit de el teu producte o servei, mitjan\u00e7ant accions de comunicaci\u00f3 concretes, viables i efectives. Per aix\u00f2, treballem directament amb tu, perqu\u00e8 la teva marca avan\u00e7 sense perdre de vista els or\u00edgens. &nbsp; SERVEIS DISSENY: Branding | packaging | papereria | editorial | equipament | Comunicaci\u00f3 publicit\u00e0ria | Punts de venda i restauraci\u00f3 DIGITAL: Disseny web | Xarxes socials | SEO | Butllet\u00ed CONTINGUTS: Continguts al dia per a xarxes socials | online | papereria | multim\u00e8dia ESDEVENIMENTS: Mitjans de comunicaci\u00f3 | consultoria estrat\u00e8gica &nbsp;<\/p>\n","protected":false},"author":3,"featured_media":0,"parent":0,"menu_order":0,"comment_status":"open","ping_status":"open","template":"","meta":{"footnotes":""},"class_list":["post-549","page","type-page","status-publish","hentry"],"_links":{"self":[{"href":"https:\/\/corretje.com\/web\/wp-json\/wp\/v2\/pages\/549","targetHints":{"allow":["GET"]}}],"collection":[{"href":"https:\/\/corretje.com\/web\/wp-json\/wp\/v2\/pages"}],"about":[{"href":"https:\/\/corretje.com\/web\/wp-json\/wp\/v2\/types\/page"}],"author":[{"embeddable":true,"href":"https:\/\/corretje.com\/web\/wp-json\/wp\/v2\/users\/3"}],"replies":[{"embeddable":true,"href":"https:\/\/corretje.com\/web\/wp-json\/wp\/v2\/comments?post=549"}],"version-history":[{"count":2,"href":"https:\/\/corretje.com\/web\/wp-json\/wp\/v2\/pages\/549\/revisions"}],"predecessor-version":[{"id":575,"href":"https:\/\/corretje.com\/web\/wp-json\/wp\/v2\/pages\/549\/revisions\/575"}],"wp:attachment":[{"href":"https:\/\/corretje.com\/web\/wp-json\/wp\/v2\/media?parent=549"}],"curies":[{"name":"wp","href":"https:\/\/api.w.org\/{rel}","templated":true}]}}